{"id":5996,"date":"2022-12-20T17:07:26","date_gmt":"2022-12-20T16:07:26","guid":{"rendered":"https:\/\/www.justfoodwestafrica.com\/machine-a-paner-henny-penny\/"},"modified":"2022-12-20T17:07:29","modified_gmt":"2022-12-20T16:07:29","slug":"machine-a-paner-henny-penny","status":"publish","type":"page","link":"https:\/\/www.justfoodwestafrica.com\/fr\/machine-a-paner-henny-penny\/","title":{"rendered":"Machine \u00e0 paner Henny Penny"},"content":{"rendered":"\t\t<div data-elementor-type=\"wp-page\" data-elementor-id=\"5996\" class=\"elementor elementor-5996 elementor-3029\" data-elementor-post-type=\"page\">\n\t\t\t\t\t\t<section class=\"elementor-section elementor-top-section elementor-element elementor-element-313c3e elementor-section-height-min-height elementor-section-boxed elementor-section-height-default elementor-section-items-middle\" data-id=\"313c3e\" data-element_type=\"section\" data-settings=\"{&quot;background_background&quot;:&quot;classic&quot;,&quot;animation&quot;:&quot;none&quot;}\">\n\t\t\t\t\t\t\t<div class=\"elementor-background-overlay\"><\/div>\n\t\t\t\t\t\t\t<div class=\"elementor-container elementor-column-gap-no\">\n\t\t\t\t\t<div class=\"elementor-column elementor-col-100 elementor-top-column elementor-element elementor-element-20a32fd1\" data-id=\"20a32fd1\" data-element_type=\"column\">\n\t\t\t<div class=\"elementor-widget-wrap elementor-element-populated\">\n\t\t\t\t\t\t<div class=\"elementor-element elementor-element-2226c952 elementor-widget elementor-widget-heading\" data-id=\"2226c952\" data-element_type=\"widget\" data-widget_type=\"heading.default\">\n\t\t\t\t<div class=\"elementor-widget-container\">\n\t\t\t<style>\/*! elementor - v3.23.0 - 15-07-2024 *\/\n.elementor-heading-title{padding:0;margin:0;line-height:1}.elementor-widget-heading .elementor-heading-title[class*=elementor-size-]>a{color:inherit;font-size:inherit;line-height:inherit}.elementor-widget-heading .elementor-heading-title.elementor-size-small{font-size:15px}.elementor-widget-heading .elementor-heading-title.elementor-size-medium{font-size:19px}.elementor-widget-heading .elementor-heading-title.elementor-size-large{font-size:29px}.elementor-widget-heading .elementor-heading-title.elementor-size-xl{font-size:39px}.elementor-widget-heading .elementor-heading-title.elementor-size-xxl{font-size:59px}<\/style><h1 class=\"elementor-heading-title elementor-size-default\">Machine \u00e0 paner Henny Penny<\/h1>\t\t<\/div>\n\t\t\t\t<\/div>\n\t\t\t\t<div class=\"elementor-element elementor-element-64e3f8eb elementor-widget-divider--view-line elementor-widget elementor-widget-divider\" data-id=\"64e3f8eb\" data-element_type=\"widget\" data-widget_type=\"divider.default\">\n\t\t\t\t<div class=\"elementor-widget-container\">\n\t\t\t<style>\/*! elementor - v3.23.0 - 15-07-2024 *\/\n.elementor-widget-divider{--divider-border-style:none;--divider-border-width:1px;--divider-color:#0c0d0e;--divider-icon-size:20px;--divider-element-spacing:10px;--divider-pattern-height:24px;--divider-pattern-size:20px;--divider-pattern-url:none;--divider-pattern-repeat:repeat-x}.elementor-widget-divider .elementor-divider{display:flex}.elementor-widget-divider .elementor-divider__text{font-size:15px;line-height:1;max-width:95%}.elementor-widget-divider .elementor-divider__element{margin:0 var(--divider-element-spacing);flex-shrink:0}.elementor-widget-divider .elementor-icon{font-size:var(--divider-icon-size)}.elementor-widget-divider .elementor-divider-separator{display:flex;margin:0;direction:ltr}.elementor-widget-divider--view-line_icon .elementor-divider-separator,.elementor-widget-divider--view-line_text .elementor-divider-separator{align-items:center}.elementor-widget-divider--view-line_icon .elementor-divider-separator:after,.elementor-widget-divider--view-line_icon .elementor-divider-separator:before,.elementor-widget-divider--view-line_text .elementor-divider-separator:after,.elementor-widget-divider--view-line_text .elementor-divider-separator:before{display:block;content:\"\";border-block-end:0;flex-grow:1;border-block-start:var(--divider-border-width) var(--divider-border-style) var(--divider-color)}.elementor-widget-divider--element-align-left .elementor-divider .elementor-divider-separator>.elementor-divider__svg:first-of-type{flex-grow:0;flex-shrink:100}.elementor-widget-divider--element-align-left .elementor-divider-separator:before{content:none}.elementor-widget-divider--element-align-left .elementor-divider__element{margin-left:0}.elementor-widget-divider--element-align-right .elementor-divider .elementor-divider-separator>.elementor-divider__svg:last-of-type{flex-grow:0;flex-shrink:100}.elementor-widget-divider--element-align-right .elementor-divider-separator:after{content:none}.elementor-widget-divider--element-align-right .elementor-divider__element{margin-right:0}.elementor-widget-divider--element-align-start .elementor-divider .elementor-divider-separator>.elementor-divider__svg:first-of-type{flex-grow:0;flex-shrink:100}.elementor-widget-divider--element-align-start .elementor-divider-separator:before{content:none}.elementor-widget-divider--element-align-start .elementor-divider__element{margin-inline-start:0}.elementor-widget-divider--element-align-end .elementor-divider .elementor-divider-separator>.elementor-divider__svg:last-of-type{flex-grow:0;flex-shrink:100}.elementor-widget-divider--element-align-end .elementor-divider-separator:after{content:none}.elementor-widget-divider--element-align-end .elementor-divider__element{margin-inline-end:0}.elementor-widget-divider:not(.elementor-widget-divider--view-line_text):not(.elementor-widget-divider--view-line_icon) .elementor-divider-separator{border-block-start:var(--divider-border-width) var(--divider-border-style) var(--divider-color)}.elementor-widget-divider--separator-type-pattern{--divider-border-style:none}.elementor-widget-divider--separator-type-pattern.elementor-widget-divider--view-line .elementor-divider-separator,.elementor-widget-divider--separator-type-pattern:not(.elementor-widget-divider--view-line) .elementor-divider-separator:after,.elementor-widget-divider--separator-type-pattern:not(.elementor-widget-divider--view-line) .elementor-divider-separator:before,.elementor-widget-divider--separator-type-pattern:not([class*=elementor-widget-divider--view]) .elementor-divider-separator{width:100%;min-height:var(--divider-pattern-height);-webkit-mask-size:var(--divider-pattern-size) 100%;mask-size:var(--divider-pattern-size) 100%;-webkit-mask-repeat:var(--divider-pattern-repeat);mask-repeat:var(--divider-pattern-repeat);background-color:var(--divider-color);-webkit-mask-image:var(--divider-pattern-url);mask-image:var(--divider-pattern-url)}.elementor-widget-divider--no-spacing{--divider-pattern-size:auto}.elementor-widget-divider--bg-round{--divider-pattern-repeat:round}.rtl .elementor-widget-divider .elementor-divider__text{direction:rtl}.e-con-inner>.elementor-widget-divider,.e-con>.elementor-widget-divider{width:var(--container-widget-width,100%);--flex-grow:var(--container-widget-flex-grow)}<\/style>\t\t<div class=\"elementor-divider\">\n\t\t\t<span class=\"elementor-divider-separator\">\n\t\t\t\t\t\t<\/span>\n\t\t<\/div>\n\t\t\t\t<\/div>\n\t\t\t\t<\/div>\n\t\t\t\t\t<\/div>\n\t\t<\/div>\n\t\t\t\t\t<\/div>\n\t\t<\/section>\n\t\t\t\t<section class=\"elementor-section elementor-top-section elementor-element elementor-element-bc7d0f2 elementor-section-boxed elementor-section-height-default elementor-section-height-default\" data-id=\"bc7d0f2\" data-element_type=\"section\">\n\t\t\t\t\t\t<div class=\"elementor-container elementor-column-gap-default\">\n\t\t\t\t\t<div class=\"elementor-column elementor-col-100 elementor-top-column elementor-element elementor-element-bca0f4e\" data-id=\"bca0f4e\" data-element_type=\"column\">\n\t\t\t<div class=\"elementor-widget-wrap elementor-element-populated\">\n\t\t\t\t\t\t<div class=\"elementor-element elementor-element-d612afa elementor-widget elementor-widget-heading\" data-id=\"d612afa\" data-element_type=\"widget\" data-widget_type=\"heading.default\">\n\t\t\t\t<div class=\"elementor-widget-container\">\n\t\t\t<h3 class=\"elementor-heading-title elementor-size-default\">\u00c0 propos de<\/h3>\t\t<\/div>\n\t\t\t\t<\/div>\n\t\t\t\t<div class=\"elementor-element elementor-element-27e4329 elementor-widget-divider--view-line elementor-widget elementor-widget-divider\" data-id=\"27e4329\" data-element_type=\"widget\" data-widget_type=\"divider.default\">\n\t\t\t\t<div class=\"elementor-widget-container\">\n\t\t\t\t\t<div class=\"elementor-divider\">\n\t\t\t<span class=\"elementor-divider-separator\">\n\t\t\t\t\t\t<\/span>\n\t\t<\/div>\n\t\t\t\t<\/div>\n\t\t\t\t<\/div>\n\t\t\t\t\t<\/div>\n\t\t<\/div>\n\t\t\t\t\t<\/div>\n\t\t<\/section>\n\t\t\t\t<section class=\"elementor-section elementor-top-section elementor-element elementor-element-5677de0 elementor-section-boxed elementor-section-height-default elementor-section-height-default\" data-id=\"5677de0\" data-element_type=\"section\">\n\t\t\t\t\t\t<div class=\"elementor-container elementor-column-gap-default\">\n\t\t\t\t\t<div class=\"elementor-column elementor-col-50 elementor-top-column elementor-element elementor-element-2b9d3e8\" data-id=\"2b9d3e8\" data-element_type=\"column\">\n\t\t\t<div class=\"elementor-widget-wrap elementor-element-populated\">\n\t\t\t\t\t\t<div class=\"elementor-element elementor-element-68c4357 elementor-widget elementor-widget-text-editor\" data-id=\"68c4357\" data-element_type=\"widget\" data-widget_type=\"text-editor.default\">\n\t\t\t\t<div class=\"elementor-widget-container\">\n\t\t\t<style>\/*! elementor - v3.23.0 - 15-07-2024 *\/\n.elementor-widget-text-editor.elementor-drop-cap-view-stacked .elementor-drop-cap{background-color:#69727d;color:#fff}.elementor-widget-text-editor.elementor-drop-cap-view-framed .elementor-drop-cap{color:#69727d;border:3px solid;background-color:transparent}.elementor-widget-text-editor:not(.elementor-drop-cap-view-default) .elementor-drop-cap{margin-top:8px}.elementor-widget-text-editor:not(.elementor-drop-cap-view-default) .elementor-drop-cap-letter{width:1em;height:1em}.elementor-widget-text-editor .elementor-drop-cap{float:left;text-align:center;line-height:1;font-size:50px}.elementor-widget-text-editor .elementor-drop-cap-letter{display:inline-block}<\/style>\t\t\t\t<p>Nous sommes des propri\u00e9taires salari\u00e9s qui soutiennent 800 familles \u00e0 travers le monde. Nous cr\u00e9ons des exp\u00e9riences remarquables \u00e0 travers les personnes, les produits et la nourriture. Nous concevons, d\u00e9veloppons et fabriquons des \u00e9quipements de restauration haut de gamme connus pour leur fiabilit\u00e9, leur facilit\u00e9 d&rsquo;utilisation et leurs faibles co\u00fbts d&rsquo;exploitation. Nous sommes fiers de servir les cuisines les plus exigeantes du monde depuis plus de 60 ans. Nos produits et les services complets de mise en route, d&rsquo;entretien, de formation et d&rsquo;assistance technique sont tous disponibles par le biais de notre r\u00e9seau de distribution mondial.    <\/p>\n<p>L&rsquo;innovation est un mot que l&rsquo;on entend souvent dans l&rsquo;industrie des services alimentaires, mais \u00e0 notre avis, c&rsquo;est un mot qui n&rsquo;a pas assez motiv\u00e9 les actions dans le pass\u00e9. Chez Henny Penny, nous avons l&rsquo;intention de changer cela. Des scientifiques alimentaires qui \u00e9tudient les effets de l&rsquo;humidit\u00e9 et de la temp\u00e9rature aux ing\u00e9nieurs et chefs de notre cuisine d&rsquo;essai avanc\u00e9e, notre \u00e9quipe reste \u00e0 la pointe de la conception et de la performance. Mais nous n&rsquo;innovons pas seulement pour le plaisir d&rsquo;innover. Chaque pi\u00e8ce d&rsquo;\u00e9quipement que nous vendons, chaque caract\u00e9ristique que nous offrons, est aliment\u00e9e par un besoin l\u00e9gitime du client. Lorsque vous vous associez \u00e0 Henny Penny, vous vous joignez \u00e0 des innovateurs de l&rsquo;industrie qui n&rsquo;introduisent que les technologies les plus pertinentes sur le march\u00e9.     <\/p>\n\t\t\t\t\t\t<\/div>\n\t\t\t\t<\/div>\n\t\t\t\t\t<\/div>\n\t\t<\/div>\n\t\t\t\t<div class=\"elementor-column elementor-col-50 elementor-top-column elementor-element elementor-element-37ce0ee\" data-id=\"37ce0ee\" data-element_type=\"column\">\n\t\t\t<div class=\"elementor-widget-wrap elementor-element-populated\">\n\t\t\t\t\t\t<div class=\"elementor-element elementor-element-ea9c1de elementor-widget elementor-widget-text-editor\" data-id=\"ea9c1de\" data-element_type=\"widget\" data-widget_type=\"text-editor.default\">\n\t\t\t\t<div class=\"elementor-widget-container\">\n\t\t\t\t\t\t\t<p>Un achat d&rsquo;\u00e9quipement ne doit pas vous co\u00fbter ind\u00e9finiment. C&rsquo;est pourquoi nos solutions sont con\u00e7ues pour vous aider \u00e0 accro\u00eetre votre rentabilit\u00e9 tout en r\u00e9duisant vos co\u00fbts d&rsquo;exploitation &#8211; pas seulement aujourd&rsquo;hui et demain, mais pour les ann\u00e9es \u00e0 venir. Il vous suffit de nous faire part de vos d\u00e9fis et de vos objectifs \u00e0 long terme, et notre \u00e9quipe vous aidera \u00e0 choisir l&rsquo;\u00e9quipement adapt\u00e9 \u00e0 vos besoins. Il s&rsquo;agit de r\u00e9duire le co\u00fbt de propri\u00e9t\u00e9 et d&rsquo;adapter les solutions \u00e0 vos installations.   <\/p>\n<p>Nous comprenons l&rsquo;impact des temps d&rsquo;arr\u00eat sur votre entreprise. Apr\u00e8s tout, pouvez-vous vraiment vous permettre de laisser votre \u00e9quipement en panne, ne serait-ce qu&rsquo;une heure ? Nous pouvons imaginer les employ\u00e9s affol\u00e9s et les clients frustr\u00e9s tout comme vous. C&rsquo;est pourquoi nous nous engageons \u00e0 soutenir chaque produit que nous vendons par une assistance apr\u00e8s-vente r\u00e9active, comme une ligne t\u00e9l\u00e9phonique gratuite qui permet de r\u00e9duire de pr\u00e8s de 50 % les appels de service sur site. Le c\u0153ur de notre engagement envers le service \u00e0 la client\u00e8le est notre r\u00e9seau de distributeurs hautement qualifi\u00e9s, qui associe des noms \u00e0 des visages et fait des affaires \u00e0 un niveau personnel. Ce n&rsquo;est que gr\u00e2ce \u00e0 nos relations \u00e9troites avec les clients que nous pouvons continuer \u00e0 fournir les meilleures solutions et le meilleur service. Lorsque vous vous associez \u00e0 Henny Penny, vous pouvez \u00eatre s\u00fbr que nous vous soutenons.      <\/p>\n\t\t\t\t\t\t<\/div>\n\t\t\t\t<\/div>\n\t\t\t\t\t<\/div>\n\t\t<\/div>\n\t\t\t\t\t<\/div>\n\t\t<\/section>\n\t\t\t\t<section class=\"elementor-section elementor-top-section elementor-element elementor-element-5b78a50 elementor-section-boxed elementor-section-height-default elementor-section-height-default\" data-id=\"5b78a50\" data-element_type=\"section\">\n\t\t\t\t\t\t<div class=\"elementor-container elementor-column-gap-default\">\n\t\t\t\t\t<div class=\"elementor-column elementor-col-100 elementor-top-column elementor-element elementor-element-9fccb38\" data-id=\"9fccb38\" data-element_type=\"column\">\n\t\t\t<div class=\"elementor-widget-wrap elementor-element-populated\">\n\t\t\t\t\t\t<div class=\"elementor-element elementor-element-5248cb2 elementor-widget elementor-widget-heading\" data-id=\"5248cb2\" data-element_type=\"widget\" data-widget_type=\"heading.default\">\n\t\t\t\t<div class=\"elementor-widget-container\">\n\t\t\t<h3 class=\"elementor-heading-title elementor-size-default\">Machine \u00e0 paner<\/h3>\t\t<\/div>\n\t\t\t\t<\/div>\n\t\t\t\t<div class=\"elementor-element elementor-element-7495797 elementor-widget-divider--view-line elementor-widget elementor-widget-divider\" data-id=\"7495797\" data-element_type=\"widget\" data-widget_type=\"divider.default\">\n\t\t\t\t<div class=\"elementor-widget-container\">\n\t\t\t\t\t<div class=\"elementor-divider\">\n\t\t\t<span class=\"elementor-divider-separator\">\n\t\t\t\t\t\t<\/span>\n\t\t<\/div>\n\t\t\t\t<\/div>\n\t\t\t\t<\/div>\n\t\t\t\t\t<\/div>\n\t\t<\/div>\n\t\t\t\t\t<\/div>\n\t\t<\/section>\n\t\t\t\t<section class=\"elementor-section elementor-top-section elementor-element elementor-element-667aaf1 elementor-section-boxed elementor-section-height-default elementor-section-height-default\" data-id=\"667aaf1\" data-element_type=\"section\" data-settings=\"{&quot;background_background&quot;:&quot;classic&quot;}\">\n\t\t\t\t\t\t<div class=\"elementor-container elementor-column-gap-default\">\n\t\t\t\t\t<div class=\"elementor-column elementor-col-50 elementor-top-column elementor-element elementor-element-4faf5c6b\" data-id=\"4faf5c6b\" data-element_type=\"column\">\n\t\t\t<div class=\"elementor-widget-wrap elementor-element-populated\">\n\t\t\t\t\t\t<div class=\"elementor-element elementor-element-72a9d57 elementor-widget elementor-widget-image\" data-id=\"72a9d57\" data-element_type=\"widget\" data-widget_type=\"image.default\">\n\t\t\t\t<div class=\"elementor-widget-container\">\n\t\t\t<style>\/*! elementor - v3.23.0 - 15-07-2024 *\/\n.elementor-widget-image{text-align:center}.elementor-widget-image a{display:inline-block}.elementor-widget-image a img[src$=\".svg\"]{width:48px}.elementor-widget-image img{vertical-align:middle;display:inline-block}<\/style>\t\t\t\t\t\t\t\t\t\t<img fetchpriority=\"high\" decoding=\"async\" width=\"346\" height=\"312\" src=\"https:\/\/www.justfoodwestafrica.com\/wp-content\/uploads\/2022\/07\/Breading_Machine.png\" class=\"attachment-large size-large wp-image-3959\" alt=\"Breading_Machine\" srcset=\"https:\/\/www.justfoodwestafrica.com\/wp-content\/uploads\/2022\/07\/Breading_Machine.png 346w, https:\/\/www.justfoodwestafrica.com\/wp-content\/uploads\/2022\/07\/Breading_Machine-300x271.png 300w\" sizes=\"(max-width: 346px) 100vw, 346px\" \/>\t\t\t\t\t\t\t\t\t\t\t\t\t<\/div>\n\t\t\t\t<\/div>\n\t\t\t\t\t<\/div>\n\t\t<\/div>\n\t\t\t\t<div class=\"elementor-column elementor-col-50 elementor-top-column elementor-element elementor-element-338af95d\" data-id=\"338af95d\" data-element_type=\"column\">\n\t\t\t<div class=\"elementor-widget-wrap elementor-element-populated\">\n\t\t\t\t\t\t<div class=\"elementor-element elementor-element-19692bcb elementor-widget elementor-widget-text-editor\" data-id=\"19692bcb\" data-element_type=\"widget\" data-widget_type=\"text-editor.default\">\n\t\t\t\t<div class=\"elementor-widget-container\">\n\t\t\t\t\t\t\t<p>L&rsquo;\u00e9tonnante machine \u00e0 paner Henny Penny BM110 vous aide \u00e0 obtenir l&rsquo;aspect et le go\u00fbt souhait\u00e9s pour vos aliments, jour apr\u00e8s jour. Sa petite taille permet de gagner de l&rsquo;espace sur le comptoir et au sol tout en r\u00e9duisant les d\u00e9chets de panure et de produit. La BM110 peut paner jusqu&rsquo;\u00e0 400 lb de produits par heure, 10 lb \u00e0 la fois. Gr\u00e2ce \u00e0 sa pr\u00e9cision m\u00e9canique, elle permet \u00e9galement d&rsquo;\u00e9conomiser jusqu&rsquo;\u00e0 25 % sur l&rsquo;utilisation de la panure et le moteur entra\u00een\u00e9 par cha\u00eene r\u00e9duit le glissement et l&rsquo;usure. Comme toujours, il est construit selon le processus de fabrication de haute qualit\u00e9 de Henny Penny, ce qui garantit qu&rsquo;il est construit selon les normes les plus \u00e9lev\u00e9es pour vous fournir le meilleur \u00e9quipement et le plus durable sur le march\u00e9. Les produits Henny Penny sont vraiment con\u00e7us pour durer.<em data-redactor-tag=\"em\"><\/em>     <\/p>\n\t\t\t\t\t\t<\/div>\n\t\t\t\t<\/div>\n\t\t\t\t<div class=\"elementor-element elementor-element-14f25d9b elementor-align-center elementor-widget elementor-widget-button\" data-id=\"14f25d9b\" data-element_type=\"widget\" data-widget_type=\"button.default\">\n\t\t\t\t<div class=\"elementor-widget-container\">\n\t\t\t\t\t<div class=\"elementor-button-wrapper\">\n\t\t\t<a class=\"elementor-button elementor-button-link elementor-size-sm elementor-animation-buzz-out\" href=\"https:\/\/bit.ly\/3auJOPJ\" target=\"_blank\">\n\t\t\t\t\t\t<span class=\"elementor-button-content-wrapper\">\n\t\t\t\t\t\t\t\t\t<span class=\"elementor-button-text\">COMMANDEZ MAINTENANT<\/span>\n\t\t\t\t\t<\/span>\n\t\t\t\t\t<\/a>\n\t\t<\/div>\n\t\t\t\t<\/div>\n\t\t\t\t<\/div>\n\t\t\t\t\t<\/div>\n\t\t<\/div>\n\t\t\t\t\t<\/div>\n\t\t<\/section>\n\t\t\t\t<\/div>\n\t\t","protected":false},"excerpt":{"rendered":"<p>Machine \u00e0 paner Henny Penny \u00c0 propos de Nous sommes des propri\u00e9taires salari\u00e9s qui soutiennent 800 familles \u00e0 travers le monde. Nous cr\u00e9ons des exp\u00e9riences remarquables \u00e0 travers les personnes, les produits et la nourriture. Nous concevons, d\u00e9veloppons et fabriquons des \u00e9quipements de restauration haut de gamme connus pour leur fiabilit\u00e9, leur facilit\u00e9 d&rsquo;utilisation et [&hellip;]<\/p>\n","protected":false},"author":1,"featured_media":0,"parent":0,"menu_order":0,"comment_status":"closed","ping_status":"closed","template":"","meta":{"_monsterinsights_skip_tracking":false,"_monsterinsights_sitenote_active":false,"_monsterinsights_sitenote_note":"","_monsterinsights_sitenote_category":0,"site-sidebar-layout":"no-sidebar","site-content-layout":"page-builder","ast-site-content-layout":"","site-content-style":"default","site-sidebar-style":"default","ast-global-header-display":"","ast-banner-title-visibility":"","ast-main-header-display":"","ast-hfb-above-header-display":"","ast-hfb-below-header-display":"","ast-hfb-mobile-header-display":"","site-post-title":"disabled","ast-breadcrumbs-content":"","ast-featured-img":"disabled","footer-sml-layout":"","theme-transparent-header-meta":"","adv-header-id-meta":"","stick-header-meta":"","header-above-stick-meta":"","header-main-stick-meta":"","header-below-stick-meta":"","astra-migrate-meta-layouts":"default","ast-page-background-enabled":"default","ast-page-background-meta":{"desktop":{"background-color":"","background-image":"","background-repeat":"repeat","background-position":"center center","background-size":"auto","background-attachment":"scroll","background-type":"","background-media":"","overlay-type":"","overlay-color":"","overlay-opacity":"","overlay-gradient":""},"tablet":{"background-color":"","background-image":"","background-repeat":"repeat","background-position":"center center","background-size":"auto","background-attachment":"scroll","background-type":"","background-media":"","overlay-type":"","overlay-color":"","overlay-opacity":"","overlay-gradient":""},"mobile":{"background-color":"","background-image":"","background-repeat":"repeat","background-position":"center center","background-size":"auto","background-attachment":"scroll","background-type":"","background-media":"","overlay-type":"","overlay-color":"","overlay-opacity":"","overlay-gradient":""}},"ast-content-background-meta":{"desktop":{"background-color":"var(--ast-global-color-5)","background-image":"","background-repeat":"repeat","background-position":"center center","background-size":"auto","background-attachment":"scroll","background-type":"","background-media":"","overlay-type":"","overlay-color":"","overlay-opacity":"","overlay-gradient":""},"tablet":{"background-color":"var(--ast-global-color-5)","background-image":"","background-repeat":"repeat","background-position":"center center","background-size":"auto","background-attachment":"scroll","background-type":"","background-media":"","overlay-type":"","overlay-color":"","overlay-opacity":"","overlay-gradient":""},"mobile":{"background-color":"var(--ast-global-color-5)","background-image":"","background-repeat":"repeat","background-position":"center center","background-size":"auto","background-attachment":"scroll","background-type":"","background-media":"","overlay-type":"","overlay-color":"","overlay-opacity":"","overlay-gradient":""}},"footnotes":""},"class_list":["post-5996","page","type-page","status-publish","hentry"],"aioseo_notices":[],"_links":{"self":[{"href":"https:\/\/www.justfoodwestafrica.com\/fr\/wp-json\/wp\/v2\/pages\/5996"}],"collection":[{"href":"https:\/\/www.justfoodwestafrica.com\/fr\/wp-json\/wp\/v2\/pages"}],"about":[{"href":"https:\/\/www.justfoodwestafrica.com\/fr\/wp-json\/wp\/v2\/types\/page"}],"author":[{"embeddable":true,"href":"https:\/\/www.justfoodwestafrica.com\/fr\/wp-json\/wp\/v2\/users\/1"}],"replies":[{"embeddable":true,"href":"https:\/\/www.justfoodwestafrica.com\/fr\/wp-json\/wp\/v2\/comments?post=5996"}],"version-history":[{"count":1,"href":"https:\/\/www.justfoodwestafrica.com\/fr\/wp-json\/wp\/v2\/pages\/5996\/revisions"}],"predecessor-version":[{"id":5997,"href":"https:\/\/www.justfoodwestafrica.com\/fr\/wp-json\/wp\/v2\/pages\/5996\/revisions\/5997"}],"wp:attachment":[{"href":"https:\/\/www.justfoodwestafrica.com\/fr\/wp-json\/wp\/v2\/media?parent=5996"}],"curies":[{"name":"wp","href":"https:\/\/api.w.org\/{rel}","templated":true}]}}